{"id":73,"date":"2025-01-17T02:08:55","date_gmt":"2025-01-16T19:08:55","guid":{"rendered":"https:\/\/qh88dangnhap.com\/?page_id=73"},"modified":"2025-01-20T14:04:31","modified_gmt":"2025-01-20T07:04:31","slug":"chinh-sach-bao-mat-qh88","status":"publish","type":"page","link":"https:\/\/qh88dangnhap.com\/index.php\/chinh-sach-bao-mat-qh88\/","title":{"rendered":"Ch\u00ednh S\u00e1ch B\u1ea3o M\u1eadt QH88 \u2013 Cam K\u1ebft An To\u00e0n Tuy\u1ec7t \u0110\u1ed1i"},"content":{"rendered":"<h1 style=\"text-align: center;\"><strong>Ch\u00ednh S\u00e1ch B\u1ea3o M\u1eadt QH88 \u2013 Cam K\u1ebft An To\u00e0n Tuy\u1ec7t \u0110\u1ed1i<\/strong><\/h1>\n<p>M\u1ee5c ti\u00eau h\u00e0ng \u0111\u1ea7u c\u1ee7a QH88 l\u00e0 mang \u0111\u1ebfn cho ng\u01b0\u1eddi ch\u01a1i nh\u1eefng tr\u1ea3i nghi\u1ec7m gi\u1ea3i tr\u00ed an to\u00e0n tuy\u1ec7t v\u1eddi. Ch\u00ednh v\u00ec v\u1eady, <strong><a href=\"https:\/\/qh88dangnhap.com\/index.php\/chinh-sach-bao-mat-qh88\/\">Ch\u00ednh S\u00e1ch B\u1ea3o M\u1eadt QH88<\/a><\/strong> \u0111\u01b0\u1ee3c thi\u1ebft l\u1eadp nh\u1eb1m b\u1ea3o v\u1ec7 t\u1ed1i \u0111a th\u00f4ng tin c\u00e1 nh\u00e2n v\u00e0 giao d\u1ecbch c\u1ee7a c\u00e1c th\u00e0nh vi\u00ean. C\u00f9ng t\u00ecm hi\u1ec3u v\u1ec1 c\u00e1c n\u1ed9i dung quan tr\u1ecdng c\u1ee7a ch\u00ednh s\u00e1ch b\u1ea3o m\u1eadt n\u00e0y qua b\u00e0i vi\u1ebft d\u01b0\u1edbi \u0111\u00e2y!<\/p>\n<h2><strong>Ch\u00ednh S\u00e1ch B\u1ea3o M\u1eadt QH88 L\u00e0 G\u00ec?<\/strong><\/h2>\n<p>Ch\u00ednh S\u00e1ch B\u1ea3o M\u1eadt QH88 l\u00e0 m\u1ed9t b\u1ed9 quy \u0111\u1ecbnh ph\u00e1p l\u00fd chi ti\u1ebft v\u1ec1 c\u00e1ch th\u1ee9c nh\u00e0 c\u00e1i thu th\u1eadp, s\u1eed d\u1ee5ng, l\u01b0u tr\u1eef v\u00e0 b\u1ea3o v\u1ec7 th\u00f4ng tin c\u00e1 nh\u00e2n c\u1ee7a ng\u01b0\u1eddi ch\u01a1i. M\u1ee5c ti\u00eau c\u1ee7a ch\u00ednh s\u00e1ch n\u00e0y l\u00e0 \u0111\u1ea3m b\u1ea3o s\u1ef1 b\u1ea3o m\u1eadt tuy\u1ec7t \u0111\u1ed1i, ng\u0103n ch\u1eb7n m\u1ecdi h\u00e0nh vi x\u00e2m nh\u1eadp tr\u00e1i ph\u00e9p, \u0111\u00e1nh c\u1eafp ho\u1eb7c s\u1eed d\u1ee5ng th\u00f4ng tin v\u00e0o m\u1ee5c \u0111\u00edch x\u1ea5u.<\/p>\n<p>\u0110\u01a1n gi\u1ea3n m\u00e0 n\u00f3i, ch\u00ednh s\u00e1ch b\u1ea3o m\u1eadt c\u1ee7a QH88 nh\u01b0 m\u1ed9t cam k\u1ebft gi\u1eefa nh\u00e0 c\u00e1i v\u00e0 ng\u01b0\u1eddi ch\u01a1i, \u0111\u1ea3m b\u1ea3o quy\u1ec1n ri\u00eang t\u01b0 c\u1ee7a kh\u00e1ch h\u00e0ng v\u00e0 vi\u1ec7c s\u1eed d\u1ee5ng th\u00f4ng tin c\u00e1 nh\u00e2n m\u1ed9t c\u00e1ch h\u1ee3p l\u00fd, minh b\u1ea1ch. Nh\u1edd \u0111\u00f3, ng\u01b0\u1eddi ch\u01a1i c\u00f3 th\u1ec3 an t\u00e2m cung c\u1ea5p th\u00f4ng tin \u0111\u1ec3 \u0111\u0103ng k\u00fd t\u00e0i kho\u1ea3n, tham gia c\u00e1 c\u01b0\u1ee3c v\u00e0 th\u1ef1c hi\u1ec7n c\u00e1c giao d\u1ecbch m\u00e0 kh\u00f4ng lo ng\u1ea1i b\u1ecb l\u1ea1m d\u1ee5ng.<\/p>\n<figure id=\"attachment_78\" aria-describedby=\"caption-attachment-78\" style=\"width: 800px\" class=\"wp-caption aligncenter\"><img loading=\"lazy\" decoding=\"async\" class=\"size-full wp-image-78\" src=\"https:\/\/qh88dangnhap.com\/wp-content\/uploads\/2025\/01\/chinh-sach-bao-mat-qh88-la-gi.jpg\" alt=\"Ch\u00ednh s\u00e1ch b\u1ea3o m\u1eadt QH88 \u0111\u01b0\u1ee3c \u0111\u1ecbnh ngh\u0129a nh\u01b0 th\u1ec3 n\u00e0o\" width=\"800\" height=\"400\" srcset=\"https:\/\/qh88dangnhap.com\/wp-content\/uploads\/2025\/01\/chinh-sach-bao-mat-qh88-la-gi.jpg 800w, https:\/\/qh88dangnhap.com\/wp-content\/uploads\/2025\/01\/chinh-sach-bao-mat-qh88-la-gi-300x150.jpg 300w, https:\/\/qh88dangnhap.com\/wp-content\/uploads\/2025\/01\/chinh-sach-bao-mat-qh88-la-gi-768x384.jpg 768w\" sizes=\"auto, (max-width: 800px) 100vw, 800px\" \/><figcaption id=\"caption-attachment-78\" class=\"wp-caption-text\">Ch\u00ednh s\u00e1ch b\u1ea3o m\u1eadt QH88 \u0111\u01b0\u1ee3c \u0111\u1ecbnh ngh\u0129a nh\u01b0 th\u1ec3 n\u00e0o<\/figcaption><\/figure>\n<h2><strong>N\u1ed9i Dung Ch\u00ednh S\u00e1ch B\u1ea3o M\u1eadt QH88<\/strong><\/h2>\n<p>D\u01b0\u1edbi \u0111\u00e2y l\u00e0 m\u1ed9t s\u1ed1 n\u1ed9i dung c\u01a1 b\u1ea3n c\u1ee7a Ch\u00ednh S\u00e1ch B\u1ea3o M\u1eadt QH88 m\u00e0 ng\u01b0\u1eddi ch\u01a1i c\u1ea7n n\u1eafm r\u00f5:<\/p>\n<h3><strong>Ch\u00ednh S\u00e1ch B\u1ea3o M\u1eadt Chung C\u1ee7a Th\u00e0nh Vi\u00ean<\/strong><\/h3>\n<p>QH88 ch\u1ec9 thu th\u1eadp th\u00f4ng tin c\u00e1 nh\u00e2n khi ng\u01b0\u1eddi ch\u01a1i t\u1ef1 nguy\u1ec7n cung c\u1ea5p trong c\u00e1c tr\u01b0\u1eddng h\u1ee3p nh\u01b0 \u0111\u0103ng k\u00fd t\u00e0i kho\u1ea3n, th\u1ef1c hi\u1ec7n giao d\u1ecbch ho\u1eb7c tham gia ch\u01b0\u01a1ng tr\u00ecnh khuy\u1ebfn m\u00e3i. C\u00e1c th\u00f4ng tin \u0111\u01b0\u1ee3c thu th\u1eadp bao g\u1ed3m:<\/p>\n<ul>\n<li>H\u1ecd v\u00e0 t\u00ean<\/li>\n<li>Ng\u00e0y sinh<\/li>\n<li>Gi\u1edbi t\u00ednh<\/li>\n<li>\u0110\u1ecba ch\u1ec9 email<\/li>\n<li>S\u1ed1 \u0111i\u1ec7n tho\u1ea1i<\/li>\n<li>\u0110\u1ecba ch\u1ec9<\/li>\n<li>Th\u00f4ng tin t\u00e0i ch\u00ednh (s\u1ed1 th\u1ebb ng\u00e2n h\u00e0ng, th\u00f4ng tin thanh to\u00e1n)<\/li>\n<\/ul>\n<p>M\u1ecdi th\u00f4ng tin n\u00e0y \u0111\u1ec1u \u0111\u01b0\u1ee3c b\u1ea3o v\u1ec7 v\u1edbi h\u1ec7 th\u1ed1ng m\u00e3 h\u00f3a SSL 128-bit v\u00e0 MD5 \u0111\u1ec3 \u0111\u1ea3m b\u1ea3o an to\u00e0n tuy\u1ec7t \u0111\u1ed1i. QH88 cam k\u1ebft b\u1ea3o m\u1eadt th\u00f4ng tin c\u1ee7a ng\u01b0\u1eddi ch\u01a1i 24\/7.<\/p>\n<figure id=\"attachment_76\" aria-describedby=\"caption-attachment-76\" style=\"width: 800px\" class=\"wp-caption aligncenter\"><img loading=\"lazy\" decoding=\"async\" class=\"size-full wp-image-76\" src=\"https:\/\/qh88dangnhap.com\/wp-content\/uploads\/2025\/01\/noi-dung-chinh-sach-bao-mat-qh88-co-ban.jpg\" alt=\"N\u1ed9i dung ch\u00ednh s\u00e1ch b\u1ea3o m\u1eadt QH88\" width=\"800\" height=\"400\" srcset=\"https:\/\/qh88dangnhap.com\/wp-content\/uploads\/2025\/01\/noi-dung-chinh-sach-bao-mat-qh88-co-ban.jpg 800w, https:\/\/qh88dangnhap.com\/wp-content\/uploads\/2025\/01\/noi-dung-chinh-sach-bao-mat-qh88-co-ban-300x150.jpg 300w, https:\/\/qh88dangnhap.com\/wp-content\/uploads\/2025\/01\/noi-dung-chinh-sach-bao-mat-qh88-co-ban-768x384.jpg 768w\" sizes=\"auto, (max-width: 800px) 100vw, 800px\" \/><figcaption id=\"caption-attachment-76\" class=\"wp-caption-text\">N\u1ed9i dung ch\u00ednh s\u00e1ch b\u1ea3o m\u1eadt QH88 chi ti\u1ebft nh\u1ea5t<\/figcaption><\/figure>\n<h3><strong>Ch\u00ednh S\u00e1ch B\u1ea3o M\u1eadt V\u1ec1 T\u00ednh N\u0103ng B\u00ecnh Lu\u1eadn<\/strong><\/h3>\n<p>Khi s\u1eed d\u1ee5ng t\u00ednh n\u0103ng b\u00ecnh lu\u1eadn, QH88 c\u00f3 th\u1ec3 thu th\u1eadp c\u00e1c d\u1eef li\u1ec7u nh\u01b0 t\u00ean hi\u1ec3n th\u1ecb, n\u1ed9i dung b\u00ecnh lu\u1eadn, \u0111\u1ecba ch\u1ec9 IP v\u00e0 th\u00f4ng tin thi\u1ebft b\u1ecb. Tuy nhi\u00ean, ch\u1ec9 thu th\u1eadp nh\u1eefng th\u00f4ng tin c\u1ea7n thi\u1ebft \u0111\u1ec3 cung c\u1ea5p d\u1ecbch v\u1ee5 v\u00e0 \u0111\u1ea3m b\u1ea3o an ninh. C\u00e1c th\u00f4ng tin n\u00e0y \u0111\u01b0\u1ee3c b\u1ea3o m\u1eadt nghi\u00eam ng\u1eb7t v\u00e0 ng\u01b0\u1eddi d\u00f9ng c\u00f3 th\u1ec3 ch\u1ec9nh s\u1eeda ho\u1eb7c x\u00f3a th\u00f4ng tin b\u00ecnh lu\u1eadn c\u1ee7a m\u00ecnh b\u1ea5t k\u1ef3 l\u00fac n\u00e0o qua b\u1ed9 ph\u1eadn h\u1ed7 tr\u1ee3.<\/p>\n<h3><strong>Ch\u00ednh S\u00e1ch B\u1ea3o M\u1eadt V\u1ec1 Th\u1eddi Gian L\u01b0u Tr\u1eef<\/strong><\/h3>\n<p>D\u1eef li\u1ec7u c\u00e1 nh\u00e2n c\u1ee7a ng\u01b0\u1eddi ch\u01a1i s\u1ebd \u0111\u01b0\u1ee3c l\u01b0u tr\u1eef trong su\u1ed1t th\u1eddi gian s\u1eed d\u1ee5ng t\u00e0i kho\u1ea3n t\u1ea1i QH88. Tuy nhi\u00ean, khi ng\u01b0\u1eddi ch\u01a1i y\u00eau c\u1ea7u \u0111\u00f3ng t\u00e0i kho\u1ea3n, m\u1ecdi th\u00f4ng tin c\u00e1 nh\u00e2n s\u1ebd \u0111\u01b0\u1ee3c x\u00f3a trong v\u00f2ng 72 gi\u1edd. L\u1ecbch s\u1eed c\u00e1 c\u01b0\u1ee3c s\u1ebd \u0111\u01b0\u1ee3c l\u01b0u tr\u1eef trong 6 th\u00e1ng \u0111\u1ec3 ph\u1ee5c v\u1ee5 cho vi\u1ec7c tra c\u1ee9u v\u00e0 gi\u1ea3i quy\u1ebft tranh ch\u1ea5p.<\/p>\n<h3><strong>Quy\u1ec1n L\u1ee3i C\u1ee7a Ng\u01b0\u1eddi Ch\u01a1i V\u1edbi D\u1eef Li\u1ec7u C\u1ee7a H\u1ecd<\/strong><\/h3>\n<p>Ng\u01b0\u1eddi ch\u01a1i c\u00f3 \u0111\u1ea7y \u0111\u1ee7 quy\u1ec1n l\u1ee3i v\u1edbi th\u00f4ng tin c\u00e1 nh\u00e2n c\u1ee7a m\u00ecnh, bao g\u1ed3m:<\/p>\n<ul>\n<li>Quy\u1ec1n truy c\u1eadp th\u00f4ng tin c\u00e1 nh\u00e2n<\/li>\n<li>Quy\u1ec1n ch\u1ec9nh s\u1eeda th\u00f4ng tin kh\u00f4ng ch\u00ednh x\u00e1c<\/li>\n<li>Quy\u1ec1n y\u00eau c\u1ea7u x\u00f3a th\u00f4ng tin khi kh\u00f4ng c\u00f2n c\u1ea7n thi\u1ebft<\/li>\n<li>Quy\u1ec1n khi\u1ebfu n\u1ea1i n\u1ebfu nghi ng\u1edd vi ph\u1ea1m quy\u1ec1n l\u1ee3i<\/li>\n<\/ul>\n<h3><strong>Ch\u00ednh S\u00e1ch B\u1ea3o V\u1ec7 H\u00e0nh Vi Gian L\u1eadn, Vi Ph\u1ea1m<\/strong><\/h3>\n<p>QH88 cam k\u1ebft duy tr\u00ec m\u1ed9t m\u00f4i tr\u01b0\u1eddng c\u00e1 c\u01b0\u1ee3c c\u00f4ng b\u1eb1ng v\u00e0 an to\u00e0n. C\u00e1c h\u00e0nh vi gian l\u1eadn, vi ph\u1ea1m nh\u01b0 s\u1eed d\u1ee5ng ph\u1ea7n m\u1ec1m gian l\u1eadn, cung c\u1ea5p th\u00f4ng tin gi\u1ea3, ho\u1eb7c tham gia khi ch\u01b0a \u0111\u1ee7 tu\u1ed5i \u0111\u1ec1u b\u1ecb nghi\u00eam c\u1ea5m. N\u1ebfu ph\u00e1t hi\u1ec7n gian l\u1eadn, QH88 s\u1ebd x\u1eed l\u00fd nghi\u00eam kh\u1eafc b\u1eb1ng c\u00e1ch kh\u00f3a t\u00e0i kho\u1ea3n v\u00e0 thu h\u1ed3i ti\u1ec1n th\u1eafng c\u01b0\u1ee3c c\u1ee7a ng\u01b0\u1eddi vi ph\u1ea1m.<\/p>\n<figure id=\"attachment_77\" aria-describedby=\"caption-attachment-77\" style=\"width: 800px\" class=\"wp-caption aligncenter\"><img loading=\"lazy\" decoding=\"async\" class=\"size-full wp-image-77\" src=\"https:\/\/qh88dangnhap.com\/wp-content\/uploads\/2025\/01\/chinh-sach-bao-ve-hanh-vi-gian-lan-tai-qh88.jpg\" alt=\"Ch\u00ednh s\u00e1ch b\u1ea3o m\u1eadt c\u1ee7a QH88 v\u1ec1 nh\u1eefng h\u00e0nh vi gian l\u1eadn\" width=\"800\" height=\"400\" srcset=\"https:\/\/qh88dangnhap.com\/wp-content\/uploads\/2025\/01\/chinh-sach-bao-ve-hanh-vi-gian-lan-tai-qh88.jpg 800w, https:\/\/qh88dangnhap.com\/wp-content\/uploads\/2025\/01\/chinh-sach-bao-ve-hanh-vi-gian-lan-tai-qh88-300x150.jpg 300w, https:\/\/qh88dangnhap.com\/wp-content\/uploads\/2025\/01\/chinh-sach-bao-ve-hanh-vi-gian-lan-tai-qh88-768x384.jpg 768w\" sizes=\"auto, (max-width: 800px) 100vw, 800px\" \/><figcaption id=\"caption-attachment-77\" class=\"wp-caption-text\">Ch\u00ednh s\u00e1ch b\u1ea3o m\u1eadt c\u1ee7a QH88 v\u1ec1 nh\u1eefng h\u00e0nh vi gian l\u1eadn<\/figcaption><\/figure>\n<h2><strong>L\u1eddi K\u1ebft<\/strong><\/h2>\n<p>Ch\u00ednh S\u00e1ch B\u1ea3o M\u1eadt QH88 l\u00e0 cam k\u1ebft c\u1ee7a nh\u00e0 c\u00e1i trong vi\u1ec7c b\u1ea3o v\u1ec7 quy\u1ec1n ri\u00eang t\u01b0 v\u00e0 an to\u00e0n c\u1ee7a ng\u01b0\u1eddi ch\u01a1i. V\u1edbi ch\u00ednh s\u00e1ch b\u1ea3o m\u1eadt n\u00e0y, <strong><a href=\"https:\/\/qh88dangnhap.com\/\">QH88<\/a><\/strong> \u0111\u00e3 t\u1ea1o d\u1ef1ng \u0111\u01b0\u1ee3c uy t\u00edn v\u1eefng ch\u1eafc, tr\u1edf th\u00e0nh l\u1ef1a ch\u1ecdn \u0111\u00e1ng tin c\u1eady c\u1ee7a game th\u1ee7 tr\u00ean to\u00e0n th\u1ebf gi\u1edbi.<\/p>\n<blockquote><p><em>Xem th\u00eam: <strong><a href=\"https:\/\/qh88dangnhap.com\/index.php\/dieu-khoan-dieu-kien-qh88\/\">\u0110i\u1ec1u Kho\u1ea3n \u0110i\u1ec1u Ki\u1ec7n QH88<\/a><\/strong> &#8211; Nh\u1eefng \u0110i\u1ec1u C\u1ea7n N\u1eafm<\/em><\/p><\/blockquote>\n","protected":false},"excerpt":{"rendered":"<p>Ch\u00ednh S\u00e1ch B\u1ea3o M\u1eadt QH88 \u2013 Cam K\u1ebft An To\u00e0n Tuy\u1ec7t \u0110\u1ed1i M\u1ee5c ti\u00eau h\u00e0ng \u0111\u1ea7u c\u1ee7a QH88 l\u00e0 mang \u0111\u1ebfn cho ng\u01b0\u1eddi ch\u01a1i nh\u1eefng tr\u1ea3i nghi\u1ec7m gi\u1ea3i tr\u00ed an to\u00e0n tuy\u1ec7t v\u1eddi. Ch\u00ednh v\u00ec v\u1eady, Ch\u00ednh S\u00e1ch B\u1ea3o M\u1eadt QH88 \u0111\u01b0\u1ee3c thi\u1ebft l\u1eadp nh\u1eb1m b\u1ea3o v\u1ec7 t\u1ed1i \u0111a th\u00f4ng tin c\u00e1 nh\u00e2n v\u00e0 giao [&#8230;]\n","protected":false},"author":1,"featured_media":0,"parent":0,"menu_order":0,"comment_status":"closed","ping_status":"closed","template":"","meta":{"footnotes":""},"class_list":["post-73","page","type-page","status-publish","hentry"],"rankMath":{"parentDomain":"qh88dangnhap.com","noFollowDomains":[],"noFollowExcludeDomains":[],"noFollowExternalLinks":false,"featuredImageNotice":"H\u00ecnh \u1ea3nh n\u1ed5i b\u1eadt n\u00ean c\u00f3 k\u00edch th\u01b0\u1edbc \u00edt nh\u1ea5t 200 x 200 pixel \u0111\u1ec3 \u0111\u01b0\u1ee3c Facebook v\u00e0 c\u00e1c trang m\u1ea1ng x\u00e3 h\u1ed9i kh\u00e1c ch\u1ecdn.","pluginReviewed":false,"postSettings":{"linkSuggestions":true,"useFocusKeyword":false},"frontEndScore":false,"postName":"chinh-sach-bao-mat-qh88","permalinkFormat":"https:\/\/qh88dangnhap.com\/index.php\/%pagename%\/","showLockModifiedDate":true,"assessor":{"focusKeywordLink":"https:\/\/qh88dangnhap.com\/wp-admin\/edit.php?focus_keyword=%focus_keyword%&post_type=%post_type%","hasTOCPlugin":false,"primaryTaxonomy":false,"serpData":{"title":"Ch\u00ednh S\u00e1ch B\u1ea3o M\u1eadt QH88 \u2013 Cam K\u1ebft An To\u00e0n Tuy\u1ec7t \u0110\u1ed1i","description":"Ch\u00ednh S\u00e1ch B\u1ea3o M\u1eadt QH88 \u0111\u01b0\u1ee3c thi\u1ebft l\u1eadp nh\u1eb1m b\u1ea3o v\u1ec7 t\u1ed1i \u0111a th\u00f4ng tin c\u00e1 nh\u00e2n v\u00e0 giao d\u1ecbch c\u1ee7a c\u00e1c th\u00e0nh vi\u00ean. \u0110\u1ec3 t\u1eeb \u0111\u00f3 m\u1ecdi ng\u01b0\u1eddi ch\u01a1i c\u00f3 th\u1ec3 an t\u00e2m khi tham gia.","focusKeywords":"ch\u00ednh s\u00e1ch b\u1ea3o m\u1eadt qh88","pillarContent":false,"canonicalUrl":"","breadcrumbTitle":"","advancedRobots":[],"facebookTitle":"","facebookDescription":"","facebookImage":"","facebookImageID":"","facebookHasOverlay":false,"facebookImageOverlay":"","facebookAuthor":"","twitterCardType":"","twitterUseFacebook":true,"twitterTitle":"","twitterDescription":"","twitterImage":"","twitterImageID":"","twitterHasOverlay":false,"twitterImageOverlay":"","twitterPlayerUrl":"","twitterPlayerSize":"","twitterPlayerStream":"","twitterPlayerStreamCtype":"","twitterAppDescription":"","twitterAppIphoneName":"","twitterAppIphoneID":"","twitterAppIphoneUrl":"","twitterAppIpadName":"","twitterAppIpadID":"","twitterAppIpadUrl":"","twitterAppGoogleplayName":"","twitterAppGoogleplayID":"","twitterAppGoogleplayUrl":"","twitterAppCountry":"","robots":{"index":true},"twitterAuthor":"t\u00ean ng\u01b0\u1eddi d\u00f9ng","primaryTerm":0,"authorName":"admin","titleTemplate":"%title% %sep% %sitename%","descriptionTemplate":"%excerpt%","showScoreFrontend":true,"lockModifiedDate":false},"powerWords":[],"diacritics":{"A":"[\\u0041\\u24B6\\uFF21\\u00C0\\u00C1\\u00C2\\u1EA6\\u1EA4\\u1EAA\\u1EA8\\u00C3\\u0100\\u0102\\u1EB0\\u1EAE\\u1EB4\\u1EB2\\u0226\\u01E0\\u00C4\\u01DE\\u1EA2\\u00C5\\u01FA\\u01CD\\u0200\\u0202\\u1EA0\\u1EAC\\u1EB6\\u1E00\\u0104\\u023A\\u2C6F]","AA":"[\\uA732]","AE":"[\\u00C6\\u01FC\\u01E2]","AO":"[\\uA734]","AU":"[\\uA736]","AV":"[\\uA738\\uA73A]","AY":"[\\uA73C]","B":"[\\u0042\\u24B7\\uFF22\\u1E02\\u1E04\\u1E06\\u0243\\u0182\\u0181]","C":"[\\u0043\\u24B8\\uFF23\\u0106\\u0108\\u010A\\u010C\\u00C7\\u1E08\\u0187\\u023B\\uA73E]","D":"[\\u0044\\u24B9\\uFF24\\u1E0A\\u010E\\u1E0C\\u1E10\\u1E12\\u1E0E\\u0110\\u018B\\u018A\\u0189\\uA779]","DZ":"[\\u01F1\\u01C4]","Dz":"[\\u01F2\\u01C5]","E":"[\\u0045\\u24BA\\uFF25\\u00C8\\u00C9\\u00CA\\u1EC0\\u1EBE\\u1EC4\\u1EC2\\u1EBC\\u0112\\u1E14\\u1E16\\u0114\\u0116\\u00CB\\u1EBA\\u011A\\u0204\\u0206\\u1EB8\\u1EC6\\u0228\\u1E1C\\u0118\\u1E18\\u1E1A\\u0190\\u018E]","F":"[\\u0046\\u24BB\\uFF26\\u1E1E\\u0191\\uA77B]","G":"[\\u0047\\u24BC\\uFF27\\u01F4\\u011C\\u1E20\\u011E\\u0120\\u01E6\\u0122\\u01E4\\u0193\\uA7A0\\uA77D\\uA77E]","H":"[\\u0048\\u24BD\\uFF28\\u0124\\u1E22\\u1E26\\u021E\\u1E24\\u1E28\\u1E2A\\u0126\\u2C67\\u2C75\\uA78D]","I":"[\\u0049\\u24BE\\uFF29\\u00CC\\u00CD\\u00CE\\u0128\\u012A\\u012C\\u0130\\u00CF\\u1E2E\\u1EC8\\u01CF\\u0208\\u020A\\u1ECA\\u012E\\u1E2C\\u0197]","J":"[\\u004A\\u24BF\\uFF2A\\u0134\\u0248]","K":"[\\u004B\\u24C0\\uFF2B\\u1E30\\u01E8\\u1E32\\u0136\\u1E34\\u0198\\u2C69\\uA740\\uA742\\uA744\\uA7A2]","L":"[\\u004C\\u24C1\\uFF2C\\u013F\\u0139\\u013D\\u1E36\\u1E38\\u013B\\u1E3C\\u1E3A\\u0141\\u023D\\u2C62\\u2C60\\uA748\\uA746\\uA780]","LJ":"[\\u01C7]","Lj":"[\\u01C8]","M":"[\\u004D\\u24C2\\uFF2D\\u1E3E\\u1E40\\u1E42\\u2C6E\\u019C]","N":"[\\u004E\\u24C3\\uFF2E\\u01F8\\u0143\\u00D1\\u1E44\\u0147\\u1E46\\u0145\\u1E4A\\u1E48\\u0220\\u019D\\uA790\\uA7A4]","NJ":"[\\u01CA]","Nj":"[\\u01CB]","O":"[\\u004F\\u24C4\\uFF2F\\u00D2\\u00D3\\u00D4\\u1ED2\\u1ED0\\u1ED6\\u1ED4\\u00D5\\u1E4C\\u022C\\u1E4E\\u014C\\u1E50\\u1E52\\u014E\\u022E\\u0230\\u00D6\\u022A\\u1ECE\\u0150\\u01D1\\u020C\\u020E\\u01A0\\u1EDC\\u1EDA\\u1EE0\\u1EDE\\u1EE2\\u1ECC\\u1ED8\\u01EA\\u01EC\\u00D8\\u01FE\\u0186\\u019F\\uA74A\\uA74C]","OI":"[\\u01A2]","OO":"[\\uA74E]","OU":"[\\u0222]","P":"[\\u0050\\u24C5\\uFF30\\u1E54\\u1E56\\u01A4\\u2C63\\uA750\\uA752\\uA754]","Q":"[\\u0051\\u24C6\\uFF31\\uA756\\uA758\\u024A]","R":"[\\u0052\\u24C7\\uFF32\\u0154\\u1E58\\u0158\\u0210\\u0212\\u1E5A\\u1E5C\\u0156\\u1E5E\\u024C\\u2C64\\uA75A\\uA7A6\\uA782]","S":"[\\u0053\\u24C8\\uFF33\\u1E9E\\u015A\\u1E64\\u015C\\u1E60\\u0160\\u1E66\\u1E62\\u1E68\\u0218\\u015E\\u2C7E\\uA7A8\\uA784]","T":"[\\u0054\\u24C9\\uFF34\\u1E6A\\u0164\\u1E6C\\u021A\\u0162\\u1E70\\u1E6E\\u0166\\u01AC\\u01AE\\u023E\\uA786]","TZ":"[\\uA728]","U":"[\\u0055\\u24CA\\uFF35\\u00D9\\u00DA\\u00DB\\u0168\\u1E78\\u016A\\u1E7A\\u016C\\u00DC\\u01DB\\u01D7\\u01D5\\u01D9\\u1EE6\\u016E\\u0170\\u01D3\\u0214\\u0216\\u01AF\\u1EEA\\u1EE8\\u1EEE\\u1EEC\\u1EF0\\u1EE4\\u1E72\\u0172\\u1E76\\u1E74\\u0244]","V":"[\\u0056\\u24CB\\uFF36\\u1E7C\\u1E7E\\u01B2\\uA75E\\u0245]","VY":"[\\uA760]","W":"[\\u0057\\u24CC\\uFF37\\u1E80\\u1E82\\u0174\\u1E86\\u1E84\\u1E88\\u2C72]","X":"[\\u0058\\u24CD\\uFF38\\u1E8A\\u1E8C]","Y":"[\\u0059\\u24CE\\uFF39\\u1EF2\\u00DD\\u0176\\u1EF8\\u0232\\u1E8E\\u0178\\u1EF6\\u1EF4\\u01B3\\u024E\\u1EFE]","Z":"[\\u005A\\u24CF\\uFF3A\\u0179\\u1E90\\u017B\\u017D\\u1E92\\u1E94\\u01B5\\u0224\\u2C7F\\u2C6B\\uA762]","a":"[\\u0061\\u24D0\\uFF41\\u1E9A\\u00E0\\u00E1\\u00E2\\u1EA7\\u1EA5\\u1EAB\\u1EA9\\u00E3\\u0101\\u0103\\u1EB1\\u1EAF\\u1EB5\\u1EB3\\u0227\\u01E1\\u00E4\\u01DF\\u1EA3\\u00E5\\u01FB\\u01CE\\u0201\\u0203\\u1EA1\\u1EAD\\u1EB7\\u1E01\\u0105\\u2C65\\u0250]","aa":"[\\uA733]","ae":"[\\u00E6\\u01FD\\u01E3]","ao":"[\\uA735]","au":"[\\uA737]","av":"[\\uA739\\uA73B]","ay":"[\\uA73D]","b":"[\\u0062\\u24D1\\uFF42\\u1E03\\u1E05\\u1E07\\u0180\\u0183\\u0253]","c":"[\\u0063\\u24D2\\uFF43\\u0107\\u0109\\u010B\\u010D\\u00E7\\u1E09\\u0188\\u023C\\uA73F\\u2184]","d":"[\\u0064\\u24D3\\uFF44\\u1E0B\\u010F\\u1E0D\\u1E11\\u1E13\\u1E0F\\u0111\\u018C\\u0256\\u0257\\uA77A]","dz":"[\\u01F3\\u01C6]","e":"[\\u0065\\u24D4\\uFF45\\u00E8\\u00E9\\u00EA\\u1EC1\\u1EBF\\u1EC5\\u1EC3\\u1EBD\\u0113\\u1E15\\u1E17\\u0115\\u0117\\u00EB\\u1EBB\\u011B\\u0205\\u0207\\u1EB9\\u1EC7\\u0229\\u1E1D\\u0119\\u1E19\\u1E1B\\u0247\\u025B\\u01DD]","f":"[\\u0066\\u24D5\\uFF46\\u1E1F\\u0192\\uA77C]","g":"[\\u0067\\u24D6\\uFF47\\u01F5\\u011D\\u1E21\\u011F\\u0121\\u01E7\\u0123\\u01E5\\u0260\\uA7A1\\u1D79\\uA77F]","h":"[\\u0068\\u24D7\\uFF48\\u0125\\u1E23\\u1E27\\u021F\\u1E25\\u1E29\\u1E2B\\u1E96\\u0127\\u2C68\\u2C76\\u0265]","hv":"[\\u0195]","i":"[\\u0069\\u24D8\\uFF49\\u00EC\\u00ED\\u00EE\\u0129\\u012B\\u012D\\u00EF\\u1E2F\\u1EC9\\u01D0\\u0209\\u020B\\u1ECB\\u012F\\u1E2D\\u0268\\u0131]","j":"[\\u006A\\u24D9\\uFF4A\\u0135\\u01F0\\u0249]","k":"[\\u006B\\u24DA\\uFF4B\\u1E31\\u01E9\\u1E33\\u0137\\u1E35\\u0199\\u2C6A\\uA741\\uA743\\uA745\\uA7A3]","l":"[\\u006C\\u24DB\\uFF4C\\u0140\\u013A\\u013E\\u1E37\\u1E39\\u013C\\u1E3D\\u1E3B\\u017F\\u0142\\u019A\\u026B\\u2C61\\uA749\\uA781\\uA747]","lj":"[\\u01C9]","m":"[\\u006D\\u24DC\\uFF4D\\u1E3F\\u1E41\\u1E43\\u0271\\u026F]","n":"[\\u006E\\u24DD\\uFF4E\\u01F9\\u0144\\u00F1\\u1E45\\u0148\\u1E47\\u0146\\u1E4B\\u1E49\\u019E\\u0272\\u0149\\uA791\\uA7A5]","nj":"[\\u01CC]","o":"[\\u006F\\u24DE\\uFF4F\\u00F2\\u00F3\\u00F4\\u1ED3\\u1ED1\\u1ED7\\u1ED5\\u00F5\\u1E4D\\u022D\\u1E4F\\u014D\\u1E51\\u1E53\\u014F\\u022F\\u0231\\u00F6\\u022B\\u1ECF\\u0151\\u01D2\\u020D\\u020F\\u01A1\\u1EDD\\u1EDB\\u1EE1\\u1EDF\\u1EE3\\u1ECD\\u1ED9\\u01EB\\u01ED\\u00F8\\u01FF\\u0254\\uA74B\\uA74D\\u0275]","oi":"[\\u01A3]","ou":"[\\u0223]","oo":"[\\uA74F]","p":"[\\u0070\\u24DF\\uFF50\\u1E55\\u1E57\\u01A5\\u1D7D\\uA751\\uA753\\uA755]","q":"[\\u0071\\u24E0\\uFF51\\u024B\\uA757\\uA759]","r":"[\\u0072\\u24E1\\uFF52\\u0155\\u1E59\\u0159\\u0211\\u0213\\u1E5B\\u1E5D\\u0157\\u1E5F\\u024D\\u027D\\uA75B\\uA7A7\\uA783]","s":"[\\u0073\\u24E2\\uFF53\\u015B\\u1E65\\u015D\\u1E61\\u0161\\u1E67\\u1E63\\u1E69\\u0219\\u015F\\u023F\\uA7A9\\uA785\\u1E9B]","ss":"[\\u00DF]","t":"[\\u0074\\u24E3\\uFF54\\u1E6B\\u1E97\\u0165\\u1E6D\\u021B\\u0163\\u1E71\\u1E6F\\u0167\\u01AD\\u0288\\u2C66\\uA787]","tz":"[\\uA729]","u":"[\\u0075\\u24E4\\uFF55\\u00F9\\u00FA\\u00FB\\u0169\\u1E79\\u016B\\u1E7B\\u016D\\u00FC\\u01DC\\u01D8\\u01D6\\u01DA\\u1EE7\\u016F\\u0171\\u01D4\\u0215\\u0217\\u01B0\\u1EEB\\u1EE9\\u1EEF\\u1EED\\u1EF1\\u1EE5\\u1E73\\u0173\\u1E77\\u1E75\\u0289]","v":"[\\u0076\\u24E5\\uFF56\\u1E7D\\u1E7F\\u028B\\uA75F\\u028C]","vy":"[\\uA761]","w":"[\\u0077\\u24E6\\uFF57\\u1E81\\u1E83\\u0175\\u1E87\\u1E85\\u1E98\\u1E89\\u2C73]","x":"[\\u0078\\u24E7\\uFF58\\u1E8B\\u1E8D]","y":"[\\u0079\\u24E8\\uFF59\\u1EF3\\u00FD\\u0177\\u1EF9\\u0233\\u1E8F\\u00FF\\u1EF7\\u1E99\\u1EF5\\u01B4\\u024F\\u1EFF]","z":"[\\u007A\\u24E9\\uFF5A\\u017A\\u1E91\\u017C\\u017E\\u1E93\\u1E95\\u01B6\\u0225\\u0240\\u2C6C\\uA763]"},"researchesTests":["contentHasTOC","contentHasShortParagraphs","contentHasAssets","keywordInTitle","keywordInMetaDescription","keywordInPermalink","keywordIn10Percent","keywordInContent","keywordInSubheadings","keywordInImageAlt","keywordDensity","keywordNotUsed","lengthContent","lengthPermalink","linksHasInternal","linksHasExternals","linksNotAllExternals","titleStartWithKeyword","titleSentiment","titleHasPowerWords","titleHasNumber","hasContentAI"],"hasRedirection":false,"hasBreadcrumb":false},"homeUrl":"https:\/\/qh88dangnhap.com","objectID":73,"objectType":"post","locale":"vi","localeFull":"vi","overlayImages":{"play":{"name":"Bi\u1ec3u t\u01b0\u1ee3ng ph\u00e1t","url":"https:\/\/qh88dangnhap.com\/wp-content\/plugins\/seo-by-rank-math\/assets\/admin\/img\/icon-play.png","path":"\/www\/wwwroot\/qh88dangnhap_com\/wp-content\/plugins\/seo-by-rank-math\/assets\/admin\/img\/icon-play.png","position":"middle_center"},"gif":{"name":"Bi\u1ec3u t\u01b0\u1ee3ng GIF","url":"https:\/\/qh88dangnhap.com\/wp-content\/plugins\/seo-by-rank-math\/assets\/admin\/img\/icon-gif.png","path":"\/www\/wwwroot\/qh88dangnhap_com\/wp-content\/plugins\/seo-by-rank-math\/assets\/admin\/img\/icon-gif.png","position":"middle_center"}},"defautOgImage":"https:\/\/qh88dangnhap.com\/wp-content\/plugins\/seo-by-rank-math\/assets\/admin\/img\/social-placeholder.jpg","customPermalinks":true,"isUserRegistered":false,"autoSuggestKeywords":false,"connectSiteUrl":"https:\/\/rankmath.com\/auth?site=https%3A%2F%2Fqh88dangnhap.com&r=https%3A%2F%2Fqh88dangnhap.com%2Findex.php%2Fwp-json%2Fwp%2Fv2%2Fpages%2F73%3Fnonce%3De40f46ae89&pro=1","maxTags":100,"trendsIcon":"<svg width=\"100%\" height=\"100%\" viewBox=\"0 0 36 36\" version=\"1.1\" xmlns=\"http:\/\/www.w3.org\/2000\/svg\" xmlns:xlink=\"http:\/\/www.w3.org\/1999\/xlink\" fit=\"\" preserveAspectRatio=\"xMidYMid meet\" focusable=\"false\">\n\t\t<g id=\"Page-1\" stroke=\"none\" stroke-width=\"1\" fill=\"none\" fill-rule=\"evenodd\">\n\t\t\t<g id=\"Trends-Arrow\">\n\t\t\t\t<g id=\"TrendsArrow\">\n\t\t\t\t\t<path d=\"M1.11227159,26.3181534 L10.2875029,17.1429221 L13.7152617,20.5706809 L4.5400304,29.7459122 C4.20518633,30.0807563 3.66229681,30.0807562 3.32745277,29.7459122 L1.11136262,27.529822 C0.776518575,27.194978 0.776518548,26.6520885 1.11136262,26.3172444 L1.11227159,26.3181534 Z\" id=\"Shape\" fill=\"#4285F4\" fill-rule=\"nonzero\"><\/path>\n\t\t\t\t\t<path d=\"M14.3201543,14.3211528 L22.283717,22.2847155 L19.4658829,25.1025495 C19.1310388,25.4373936 18.5881494,25.4373937 18.2533053,25.1025495 L10.2906516,17.1398959 L13.1084857,14.3220618 C13.4429747,13.987572 13.9851638,13.9871653 14.3201543,14.3211528 Z\" id=\"Shape\" fill=\"#EA4335\" fill-rule=\"nonzero\"><\/path>\n\t\t\t\t\t<polygon id=\"Rectangle-path\" fill=\"#FABB05\" fill-rule=\"nonzero\" points=\"18.8573051 18.8577571 28.2843236 9.43073862 31.7120824 12.8584974 22.2850639 22.2855159\"><\/polygon>\n\t\t\t\t\t<path d=\"M35.0711567,15.5054713 L35.0711567,7 L35.0711567,7 C35.0711567,6.44771525 34.6234415,6 34.0711567,6 L25.5656854,6 L25.5656854,6 C25.0134007,6 24.5656854,6.44771525 24.5656854,7 C24.5656854,7.26521649 24.6710423,7.5195704 24.8585786,7.70710678 L33.3640499,16.2125781 L33.3640499,16.2125781 C33.7545742,16.6031024 34.3877392,16.6031024 34.7782635,16.2125781 C34.9657999,16.0250417 35.0711567,15.7706878 35.0711567,15.5054713 Z\" id=\"Shape\" fill=\"#34A853\" fill-rule=\"nonzero\"><\/path>\n\t\t\t\t\t<rect id=\"Rectangle-path\" x=\"0\" y=\"0\" width=\"36\" height=\"36\"><\/rect>\n\t\t\t\t<\/g>\n\t\t\t<\/g>\n\t\t<\/g>\n\t<\/svg>","showScore":true,"siteFavIcon":"https:\/\/qh88dangnhap.com\/wp-content\/uploads\/2025\/01\/cropped-qh88-32x32.png","canUser":{"general":false,"advanced":false,"snippet":false,"social":false,"analysis":false,"analytics":false,"content_ai":false},"isPro":true,"is_front_page":false,"trendsUpgradeLink":"https:\/\/qh88dangnhap.com\/wp-admin\/admin.php?page=rank-math&view=help","trendsUpgradeLabel":"Activate now","trendsPreviewImage":"https:\/\/qh88dangnhap.com\/wp-content\/plugins\/seo-by-rank-math\/assets\/admin\/img\/trends-preview.jpg","currentEditor":false,"homepageData":{"assessor":{"powerWords":[],"diacritics":true,"researchesTests":["contentHasTOC","contentHasShortParagraphs","contentHasAssets","keywordInTitle","keywordInMetaDescription","keywordInPermalink","keywordIn10Percent","keywordInContent","keywordInSubheadings","keywordInImageAlt","keywordDensity","keywordNotUsed","lengthContent","lengthPermalink","linksHasInternal","linksHasExternals","linksNotAllExternals","titleStartWithKeyword","titleSentiment","titleHasPowerWords","titleHasNumber","hasContentAI"],"hasBreadcrumb":false,"serpData":{"title":"%sitename% %page% %sep% %sitedesc%","description":"","titleTemplate":"%sitename% %page% %sep% %sitedesc%","descriptionTemplate":"","focusKeywords":"","breadcrumbTitle":"Home","robots":{"index":true},"advancedRobots":[],"facebookTitle":"","facebookDescription":"","facebookImage":"","facebookImageID":""}}},"tocTitle":"Table of Contents","tocExcludeHeadings":[],"listStyle":"ul"},"_links":{"self":[{"href":"https:\/\/qh88dangnhap.com\/index.php\/wp-json\/wp\/v2\/pages\/73","targetHints":{"allow":["GET"]}}],"collection":[{"href":"https:\/\/qh88dangnhap.com\/index.php\/wp-json\/wp\/v2\/pages"}],"about":[{"href":"https:\/\/qh88dangnhap.com\/index.php\/wp-json\/wp\/v2\/types\/page"}],"author":[{"embeddable":true,"href":"https:\/\/qh88dangnhap.com\/index.php\/wp-json\/wp\/v2\/users\/1"}],"replies":[{"embeddable":true,"href":"https:\/\/qh88dangnhap.com\/index.php\/wp-json\/wp\/v2\/comments?post=73"}],"version-history":[{"count":3,"href":"https:\/\/qh88dangnhap.com\/index.php\/wp-json\/wp\/v2\/pages\/73\/revisions"}],"predecessor-version":[{"id":113,"href":"https:\/\/qh88dangnhap.com\/index.php\/wp-json\/wp\/v2\/pages\/73\/revisions\/113"}],"wp:attachment":[{"href":"https:\/\/qh88dangnhap.com\/index.php\/wp-json\/wp\/v2\/media?parent=73"}],"curies":[{"name":"wp","href":"https:\/\/api.w.org\/{rel}","templated":true}]}}